{"id":116,"date":"2019-07-16T01:42:11","date_gmt":"2019-07-16T01:42:11","guid":{"rendered":"https:\/\/francobus.ca\/?page_id=116"},"modified":"2020-05-11T15:59:11","modified_gmt":"2020-05-11T15:59:11","slug":"liens","status":"publish","type":"page","link":"https:\/\/francobus.ca\/index.php\/liens\/","title":{"rendered":"Liens"},"content":{"rendered":"<p>[et_pb_section fb_built=&#8221;1&#8243; admin_label=&#8221;Hero section&#8221; _builder_version=&#8221;3.29.3&#8243; use_background_color_gradient=&#8221;on&#8221; background_color_gradient_start=&#8221;rgba(150,105,97,0.67)&#8221; background_color_gradient_end=&#8221;rgba(2,0,76,0.84)&#8221; background_color_gradient_overlays_image=&#8221;on&#8221; background_image=&#8221;https:\/\/francobus.ca\/wp-content\/uploads\/2020\/02\/shutterstock_314871770-scaled.jpg&#8221; custom_margin=&#8221;|||&#8221; custom_padding=&#8221;1.8%||6.5%|||&#8221;][et_pb_row _builder_version=&#8221;3.25&#8243; custom_margin=&#8221;|||&#8221;][et_pb_column type=&#8221;4_4&#8243; _builder_version=&#8221;3.25&#8243; custom_padding=&#8221;1px|||&#8221; custom_padding__hover=&#8221;|||&#8221;][et_pb_text _builder_version=&#8221;3.29.3&#8243; text_font=&#8221;Lato||||||||&#8221; text_font_size=&#8221;20px&#8221; text_line_height=&#8221;1.8em&#8221; header_font=&#8221;Lato|900|||||||&#8221; header_font_size=&#8221;80px&#8221; header_letter_spacing=&#8221;2px&#8221; header_line_height=&#8221;1.2em&#8221; background_layout=&#8221;dark&#8221; custom_margin=&#8221;||40px|&#8221; animation_style=&#8221;fold&#8221; header_font_size_tablet=&#8221;46px&#8221; header_font_size_phone=&#8221;&#8221; header_font_size_last_edited=&#8221;on|tablet&#8221;]<\/p>\n<h1>Liens utiles<\/h1>\n<p>[\/et_pb_text][\/et_pb_column][\/et_pb_row][\/et_pb_section][et_pb_section fb_built=&#8221;1&#8243; _builder_version=&#8221;3.22&#8243; custom_padding=&#8221;54px|0px|100px|0px&#8221;][et_pb_row use_custom_gutter=&#8221;on&#8221; gutter_width=&#8221;1&#8243; _builder_version=&#8221;3.29.3&#8243; background_color=&#8221;#ffffff&#8221; background_size=&#8221;initial&#8221; background_position=&#8221;top_left&#8221; background_repeat=&#8221;repeat&#8221; max_width=&#8221;1440px&#8221; custom_margin=&#8221;-10%|auto|-10%|auto|true|&#8221; custom_padding=&#8221;30px|0px|60px|0px|false|false&#8221; animation_style=&#8221;slide&#8221; animation_direction=&#8221;bottom&#8221; animation_intensity_slide=&#8221;6%&#8221; animation_starting_opacity=&#8221;100%&#8221; custom_css_main_element=&#8221;border-color: #f7941e;&#8221; border_radii=&#8221;on|15px|15px|15px|15px&#8221; border_color_all=&#8221;#3c39e6&#8243; border_width_top=&#8221;18px&#8221; box_shadow_style=&#8221;preset3&#8243; box_shadow_vertical=&#8221;39px&#8221; box_shadow_blur=&#8221;80px&#8221; box_shadow_color=&#8221;rgba(0,0,0,0.1)&#8221; use_custom_width=&#8221;on&#8221; custom_width_px=&#8221;1440px&#8221;][et_pb_column type=&#8221;4_4&#8243; _builder_version=&#8221;3.25&#8243; custom_padding=&#8221;|40px||40px&#8221; custom_padding__hover=&#8221;|||&#8221;][et_pb_text _builder_version=&#8221;4.4.3&#8243; min_height=&#8221;1032px&#8221; hover_enabled=&#8221;0&#8243;]<\/p>\n<table>\n<tbody>\n<tr>\n<td>Retards et annulations<\/td>\n<td><a href=\"https:\/\/infobus.francobus.ca\">https:\/\/infobus.francobus.ca<\/a><\/td>\n<\/tr>\n<tr>\n<td>Conseil scolaire Viamonde<\/td>\n<td><a href=\"http:\/\/www.csviamonde.ca\">http:\/\/www.csviamonde.ca<\/a><\/td>\n<\/tr>\n<tr>\n<td>Conseil scolaire catholique MonAvenir<\/td>\n<td><a href=\"http:\/\/www.cscmonavenir.ca\">http:\/\/www.cscmonavenir.ca<\/a><\/td>\n<\/tr>\n<tr>\n<td>Conseil scolaire catholique Providence<\/td>\n<td><a href=\"http:\/\/www.cscprovidence.ca\">http:\/\/www.cscprovidence.ca<\/a><\/td>\n<\/tr>\n<tr>\n<td>Minist\u00e8re de l&#8217;\u00e9ducation de l&#8217;Ontario<\/td>\n<td><a href=\"http:\/\/www.edu.gov.on.ca\/fre\/\">http:\/\/www.edu.gov.on.ca\/fre\/<\/a><\/td>\n<\/tr>\n<tr>\n<td>Elmer l&#8217;\u00e9l\u00e9phant prudent<\/td>\n<td><a href=\"http:\/\/www.elmer.ca\/fr\/accueil\">http:\/\/www.elmer.ca\/fr\/accueil<\/a><\/td>\n<\/tr>\n<tr>\n<td>Minist\u00e8re des Transports de l&#8217;Ontario<\/td>\n<td><a href=\"https:\/\/www.ontario.ca\/fr\/page\/ministere-des-transports\">https:\/\/www.ontario.ca\/fr\/page\/ministere-des-transports<\/a><\/td>\n<\/tr>\n<tr>\n<td>Site internet francophone d&#8217;intertrain<\/td>\n<td><a href=\"http:\/\/www.francais.intertrain.ca\">http:\/\/www.francais.intertrain.ca<\/a><\/td>\n<\/tr>\n<tr>\n<td>Transports Canada<\/td>\n<td><a href=\"http:\/\/www.tc.gc.ca\/fr\/menu.htm\">http:\/\/www.tc.gc.ca\/fr\/menu.htm<\/a><\/td>\n<\/tr>\n<tr>\n<td>Ontario School Bus Association (site en anglais)<\/td>\n<td><a href=\"http:\/\/www.osba.on.ca\/\">http:\/\/www.osba.on.ca\/<\/a><\/td>\n<\/tr>\n<tr>\n<td>M\u00e9t\u00e9o M\u00e9dia<\/td>\n<td><a href=\"http:\/\/www.meteomedia.com\/\">http:\/\/www.meteomedia.com\/<\/a><\/td>\n<\/tr>\n<\/tbody>\n<\/table>\n<p>[\/et_pb_text][\/et_pb_column][\/et_pb_row][\/et_pb_section]<\/p>\n","protected":false},"excerpt":{"rendered":"<p>[et_pb_section fb_built=&#8221;1&#8243; admin_label=&#8221;Hero section&#8221; _builder_version=&#8221;3.29.3&#8243; use_background_color_gradient=&#8221;on&#8221; background_color_gradient_start=&#8221;rgba(150,105,97,0.67)&#8221; background_color_gradient_end=&#8221;rgba(2,0,76,0.84)&#8221; background_color_gradient_overlays_image=&#8221;on&#8221; background_image=&#8221;https:\/\/francobus.ca\/wp-content\/uploads\/2020\/02\/shutterstock_314871770-scaled.jpg&#8221; custom_margin=&#8221;|||&#8221; custom_padding=&#8221;1.8%||6.5%|||&#8221;][et_pb_row _builder_version=&#8221;3.25&#8243; custom_margin=&#8221;|||&#8221;][et_pb_column type=&#8221;4_4&#8243; _builder_version=&#8221;3.25&#8243; custom_padding=&#8221;1px|||&#8221; custom_padding__hover=&#8221;|||&#8221;][et_pb_text _builder_version=&#8221;3.29.3&#8243; text_font=&#8221;Lato||||||||&#8221; text_font_size=&#8221;20px&#8221; text_line_height=&#8221;1.8em&#8221; header_font=&#8221;Lato|900|||||||&#8221; header_font_size=&#8221;80px&#8221; header_letter_spacing=&#8221;2px&#8221; header_line_height=&#8221;1.2em&#8221; background_layout=&#8221;dark&#8221; custom_margin=&#8221;||40px|&#8221; animation_style=&#8221;fold&#8221; header_font_size_tablet=&#8221;46px&#8221; header_font_size_phone=&#8221;&#8221; header_font_size_last_edited=&#8221;on|tablet&#8221;] Liens utiles [\/et_pb_text][\/et_pb_column][\/et_pb_row][\/et_pb_section][et_pb_section fb_built=&#8221;1&#8243; _builder_version=&#8221;3.22&#8243; custom_padding=&#8221;54px|0px|100px|0px&#8221;][et_pb_row use_custom_gutter=&#8221;on&#8221; gutter_width=&#8221;1&#8243; _builder_version=&#8221;3.29.3&#8243; background_color=&#8221;#ffffff&#8221; background_size=&#8221;initial&#8221; background_position=&#8221;top_left&#8221; background_repeat=&#8221;repeat&#8221; max_width=&#8221;1440px&#8221; custom_margin=&#8221;-10%|auto|-10%|auto|true|&#8221; custom_padding=&#8221;30px|0px|60px|0px|false|false&#8221; animation_style=&#8221;slide&#8221; animation_direction=&#8221;bottom&#8221; animation_intensity_slide=&#8221;6%&#8221; animation_starting_opacity=&#8221;100%&#8221; custom_css_main_element=&#8221;border-color: #f7941e;&#8221; border_radii=&#8221;on|15px|15px|15px|15px&#8221; [&hellip;]<\/p>\n","protected":false},"author":1,"featured_media":0,"parent":0,"menu_order":0,"comment_status":"closed","ping_status":"closed","template":"","meta":{"_et_pb_use_builder":"on","_et_pb_old_content":"<!-- wp:divi\/placeholder \/-->","_et_gb_content_width":""},"_links":{"self":[{"href":"https:\/\/francobus.ca\/index.php\/wp-json\/wp\/v2\/pages\/116"}],"collection":[{"href":"https:\/\/francobus.ca\/index.php\/wp-json\/wp\/v2\/pages"}],"about":[{"href":"https:\/\/francobus.ca\/index.php\/wp-json\/wp\/v2\/types\/page"}],"author":[{"embeddable":true,"href":"https:\/\/francobus.ca\/index.php\/wp-json\/wp\/v2\/users\/1"}],"replies":[{"embeddable":true,"href":"https:\/\/francobus.ca\/index.php\/wp-json\/wp\/v2\/comments?post=116"}],"version-history":[{"count":7,"href":"https:\/\/francobus.ca\/index.php\/wp-json\/wp\/v2\/pages\/116\/revisions"}],"predecessor-version":[{"id":1044,"href":"https:\/\/francobus.ca\/index.php\/wp-json\/wp\/v2\/pages\/116\/revisions\/1044"}],"wp:attachment":[{"href":"https:\/\/francobus.ca\/index.php\/wp-json\/wp\/v2\/media?parent=116"}],"curies":[{"name":"wp","href":"https:\/\/api.w.org\/{rel}","templated":true}]}}