{"id":55,"date":"2019-07-16T00:38:36","date_gmt":"2019-07-16T00:38:36","guid":{"rendered":"https:\/\/francobus.ca\/?page_id=55"},"modified":"2020-02-18T23:27:59","modified_gmt":"2020-02-18T23:27:59","slug":"regles-de-base","status":"publish","type":"page","link":"https:\/\/francobus.ca\/index.php\/regles-de-base\/","title":{"rendered":"R\u00e8gles de base"},"content":{"rendered":"<p>[et_pb_section fb_built=&#8221;1&#8243; admin_label=&#8221;Hero section&#8221; _builder_version=&#8221;3.29.3&#8243; use_background_color_gradient=&#8221;on&#8221; background_color_gradient_start=&#8221;rgba(150,105,97,0.67)&#8221; background_color_gradient_end=&#8221;rgba(2,0,76,0.84)&#8221; background_color_gradient_overlays_image=&#8221;on&#8221; background_image=&#8221;https:\/\/francobus.ca\/wp-content\/uploads\/2020\/02\/shutterstock_388630324-scaled.jpg&#8221; background_position=&#8221;top_center&#8221; min_height=&#8221;460px&#8221; height=&#8221;460px&#8221; custom_margin=&#8221;|||&#8221; custom_padding=&#8221;2.3%||14%|||&#8221; hover_enabled=&#8221;0&#8243; fb_built=&#8221;1&#8243; _i=&#8221;0&#8243; _address=&#8221;0&#8243;][et_pb_row _builder_version=&#8221;3.25&#8243; custom_margin=&#8221;|||&#8221; _i=&#8221;0&#8243; _address=&#8221;0.0&#8243;][et_pb_column type=&#8221;4_4&#8243; _builder_version=&#8221;3.25&#8243; custom_padding=&#8221;1px|||&#8221; padding_top=&#8221;1px&#8221; _i=&#8221;0&#8243; _address=&#8221;0.0.0&#8243; custom_padding__hover=&#8221;|||&#8221;][et_pb_text _builder_version=&#8221;3.27.4&#8243; text_font=&#8221;Lato||||||||&#8221; text_font_size=&#8221;20px&#8221; text_line_height=&#8221;1.8em&#8221; header_font=&#8221;Lato|900|||||||&#8221; header_font_size=&#8221;80px&#8221; header_letter_spacing=&#8221;2px&#8221; header_line_height=&#8221;1.2em&#8221; background_layout=&#8221;dark&#8221; custom_margin=&#8221;||40px|&#8221; animation_style=&#8221;fold&#8221; header_font_size_tablet=&#8221;46px&#8221; header_font_size_last_edited=&#8221;on|tablet&#8221; _i=&#8221;0&#8243; _address=&#8221;0.0.0.0&#8243;]<\/p>\n<h1><strong>Pour un transport harmonieux!<\/strong><\/h1>\n<p>[\/et_pb_text][\/et_pb_column][\/et_pb_row][\/et_pb_section][et_pb_section fb_built=&#8221;1&#8243; _builder_version=&#8221;3.22&#8243; custom_padding=&#8221;54px|0px|100px|0px&#8221; fb_built=&#8221;1&#8243; _i=&#8221;1&#8243; _address=&#8221;1&#8243;][et_pb_row use_custom_gutter=&#8221;on&#8221; gutter_width=&#8221;1&#8243; _builder_version=&#8221;3.29.3&#8243; background_color=&#8221;#ffffff&#8221; background_size=&#8221;initial&#8221; background_position=&#8221;top_left&#8221; background_repeat=&#8221;repeat&#8221; max_width=&#8221;1440px&#8221; min_height=&#8221;273px&#8221; custom_margin=&#8221;-10%|auto|-1px|auto||&#8221; custom_padding=&#8221;60px|0px|60px|0px&#8221; animation_style=&#8221;slide&#8221; animation_direction=&#8221;bottom&#8221; animation_intensity_slide=&#8221;6%&#8221; animation_starting_opacity=&#8221;100%&#8221; custom_css_main_element=&#8221;border-color: #f7941e;&#8221; border_radii=&#8221;on|15px|15px|15px|15px&#8221; border_color_all=&#8221;#3c39e6&#8243; border_width_top=&#8221;18px&#8221; box_shadow_style=&#8221;preset3&#8243; box_shadow_vertical=&#8221;39px&#8221; box_shadow_blur=&#8221;80px&#8221; box_shadow_color=&#8221;rgba(0,0,0,0.1)&#8221; use_custom_width=&#8221;on&#8221; custom_width_px=&#8221;1440px&#8221; _i=&#8221;0&#8243; _address=&#8221;1.0&#8243;][et_pb_column type=&#8221;4_4&#8243; _builder_version=&#8221;3.25&#8243; custom_padding=&#8221;|40px||40px&#8221; padding_left=&#8221;40px&#8221; padding_right=&#8221;40px&#8221; _i=&#8221;0&#8243; _address=&#8221;1.0.0&#8243; custom_padding__hover=&#8221;|||&#8221;][et_pb_text _builder_version=&#8221;3.27.4&#8243; _i=&#8221;0&#8243; _address=&#8221;1.0.0.0&#8243;]<\/p>\n<h2>\u00c9nonc\u00e9 g\u00e9n\u00e9ral<br \/><strong><\/strong><\/h2>\n<p>M\u00eame si la responsabilit\u00e9 de se rendre \u00e0 l\u2019\u00e9cole rel\u00e8ve des \u00e9l\u00e8ves et des parents, tuteurs ou tutrices, la Loi sur l\u2019\u00e9ducation stipule que \u201cle Conseil peut offrir le transport aller-retour \u00e0 l\u2019\u00e9l\u00e8ve qui r\u00e9side et est inscrit dans une \u00e9cole relevant de sa juridiction.\u201d<\/p>\n<p>&nbsp;<\/p>\n<h2>Le transport scolaire est donc un privil\u00e8ge, et non un droit, privil\u00e8ge qui peut \u00eatre retir\u00e9 si les r\u00e8gles ne sont pas respect\u00e9es.<\/h2>\n<p><span>Les politiques et proc\u00e9dures ont \u00e9t\u00e9 \u00e9tablies pour veiller \u00e0 ce que le transport scolaire soit en tout temps s\u00e9curitaire, fiable et \u00e9quitable.<\/span><\/p>\n<p><span>Sur demande \u00e9crite des parents, tuteurs ou tutrices, le Service de transport Francobus peut offrir le transport aux \u00e9l\u00e8ves qui fr\u00e9quentent les \u00e9coles dans leur zone de fr\u00e9quentation.<\/span><\/p>\n<p><span><\/span><\/p>\n<h2>Admissibilit\u00e9<\/h2>\n<p><span>Le Service de transport Francobus peut offrir le transport aux \u00e9l\u00e8ves qui fr\u00e9quentent l&#8217;\u00e9cole pr\u00e9cis\u00e9e dans leur zone de fr\u00e9quentation sur demande \u00e9crite des parents, tuteurs ou tutrices.<\/span><\/p>\n<p><span>L&#8217;\u00e9l\u00e8ve peut b\u00e9n\u00e9ficier du transport scolaire s&#8217;il demeure dans la zone fr\u00e9quentation de l&#8217;\u00e9cole et r\u00e9side \u00e0 une distance de marche de l&#8217;\u00e9cole de plus de:<\/span><\/p>\n<ul>\n<li>0,8 km pour les \u00e9l\u00e8ves de la maternelle et du jardin d&#8217;enfants<\/li>\n<li>1,6 km pour les \u00e9l\u00e8ves de la 1re<span>\u00a0<\/span>\u00e0 la 8e<span>\u00a0<\/span>ann\u00e9e inclusivement<\/li>\n<li>3,2 km pour les \u00e9l\u00e8ves de la 9e \u00e0 la 12e<span>\u00a0<\/span>ann\u00e9e<\/li>\n<\/ul>\n<p>&nbsp;<\/p>\n<h2>Distance de marche vers l&#8217;arr\u00eat<\/h2>\n<p><b>Tous<\/b><span>\u00a0les \u00e9l\u00e8ves sont tenus de marcher jusqu&#8217;\u00e0 l&#8217;arr\u00eat d&#8217;autobus.<\/span><\/p>\n<p><span>Les \u00e9l\u00e8ves peuvent \u00eatre appel\u00e9s de marcher jusqu&#8217;\u00e0 un maximum de:<\/span><\/p>\n<ul>\n<li>0,4 km pour les \u00e9l\u00e8ves de la maternelle et du jardin d&#8217;enfants<\/li>\n<li>0,8 km pour les \u00e9l\u00e8ves de 1re \u00e0 la 8e ann\u00e9e inclusivement<\/li>\n<li>1,6 km pour les \u00e9l\u00e8ves de la 9e \u00e0 la 12e ann\u00e9e<\/li>\n<\/ul>\n<p><span>La distance du domicile \u00e0 l&#8217;arr\u00eat d&#8217;autobus est calcul\u00e9e en fonction du chemin le plus court sur la voie publique entre l&#8217;adresse principale de l&#8217;\u00e9l\u00e8ve et l&#8217;arr\u00eat.<\/span><\/p>\n<p><span><\/span><\/p>\n<h2>Adresse de l&#8217;\u00e9l\u00e8ve<\/h2>\n<p><span>L&#8217;adresse de l&#8217;\u00e9l\u00e8ve\u00a0<\/span><b>est la r\u00e9sidence l\u00e9gale et permanente de celui-ci<\/b><span>. Cette adresse d\u00e9termine son appartenance \u00e0 la zone de fr\u00e9quentation scolaire. En cas de garde partag\u00e9e, il revient aux parents de d\u00e9cider\u00a0<\/span><b>d&#8217;une adresse principale<\/b><span>\u00a0pour l&#8217;\u00e9l\u00e8ve afin de d\u00e9terminer sa zone de fr\u00e9quentation scolaire.<\/span><\/p>\n<p><span>Veuillez prendre note que l&#8217;admissibilit\u00e9 au transport est d\u00e9termin\u00e9e par l&#8217;adresse principale et non pas\u00a0<b>l&#8217;adresse de la garderie ou le point d&#8217;embarquement de l&#8217;\u00e9l\u00e8ve<\/b>.<\/span><\/p>\n<p><span>\u00c9galement, veuillez s&#8217;il vous plait informer l&#8217;\u00e9cole de tout changement d&#8217;adresse. Vous \u00e9viterez des d\u00e9lais ou des d\u00e9sagr\u00e9ments dans les arrangements de transport si vous avisez le secr\u00e9tariat de l&#8217;\u00e9cole d\u00e8s que vous connaissez la date et le lieu de votre nouvelle demeure.<\/span><\/p>\n<p><span><\/span><\/p>\n<h2>Dur\u00e9e du trajet<\/h2>\n<p><span>Le personnel du Service de transport Francobus consid\u00e9rera la dur\u00e9e des trajets lors de la planification des circuits d&#8217;autobus. Dans la mesure du possible, le temps pass\u00e9 \u00e0 bord du v\u00e9hicule par les \u00e9l\u00e8ves ne d\u00e9passera pas:<\/span><\/p>\n<ul>\n<li>60 minutes pour les \u00e9l\u00e8ves fr\u00e9quentant une \u00e9cole \u00e9l\u00e9mentaire<\/li>\n<li>75 minutes pour les \u00e9l\u00e8ves fr\u00e9quentant une \u00e9cole secondaire<\/li>\n<\/ul>\n<p>&nbsp;<\/p>\n<h2>Modalit\u00e9s du transport scolaire<\/h2>\n<p><span>Le service de transport scolaire d\u00e9cide des moyens de transport mis \u00e0 la disposition des \u00e9l\u00e8ves. Le transport peut \u00eatre dispens\u00e9 par un autobus, par un taxi ou par transport en commun municipal (\u00e9l\u00e8ves du palier secondaire vivant en milieu urbain) pour lesquels les billets sont fournis gratuitement.<\/span><\/p>\n<p><span>Le service de transport prendra toutes les mesures n\u00e9cessaires pour assurer le transport s\u00e9curitaire des \u00e9l\u00e8ves qui y sont admissibles.<\/span><\/p>\n<p><span><\/span><\/p>\n<h2>Changements temporaires<\/h2>\n<p><b>Toutes<\/b><span>\u00a0les demandes de transport temporaire\u00a0<\/span><b>seront refus\u00e9es<\/b><span>\u00a0sauf dans les situations o\u00f9 le Service d&#8217;aide \u00e0 l&#8217;enfance est impliqu\u00e9.<\/span><\/p>\n<p><span><\/span><\/p>\n<h2>Embarquement et d\u00e9barquement des \u00e9l\u00e8ves de la maternelle et jardin d&#8217;enfants<\/h2>\n<p><span>Par souci de s\u00e9curit\u00e9,\u00a0<\/span><b>tous les \u00e9l\u00e8ves de la maternelle, du jardin d&#8217;enfant, de 1re<span>\u00a0<\/span>et 2e<span>\u00a0<\/span>ann\u00e9e doivent \u00eatre accompagn\u00e9s et accueillis par une personne adulte d\u00e9sign\u00e9e<\/b><span>\u00a0\u00e0 l&#8217;embarquement et \u00e0 leur descente de l&#8217;autobus, sans quoi\u00a0<\/span><b>l&#8217;enfant restera \u00e0 bord du v\u00e9hicule et sera retourn\u00e9 \u00e0 l&#8217;\u00e9cole<\/b><span>. Les parents devront alors s&#8217;occuper de son retour \u00e0 la maison.<\/span><\/p>\n<p><span><\/span><\/p>\n<h2>Si\u00e8ges rehausseurs<\/h2>\n<p><span>En vertu du Code de la route, les passagers \u00e2g\u00e9s de moins de huit ans doivent \u00eatre attach\u00e9s et avoir recours \u00e0 un si\u00e8ge rehausseur s&#8217;ils sont \u00e0 bord d&#8217;un v\u00e9hicule public destin\u00e9 au transport de moins de 10 personnes exploit\u00e9 soit directement ou de fa\u00e7on contractuelle par le Service de transport Francobus si:<\/span><\/p>\n<ul>\n<li>l&#8217;\u00e9l\u00e8ve p\u00e8se entre 18 kg et 36 kg<\/li>\n<li>la taille de l&#8217;\u00e9l\u00e8ve est inf\u00e9rieure \u00e0 1 m 45 (4 pi 9)<\/li>\n<\/ul>\n<p>&nbsp;<\/p>\n<h2>Si\u00e8ges de courtoisie<\/h2>\n<p><span>Le Service de transport Francobus reconna\u00eet l&#8217;existence de situations particuli\u00e8res ou exceptionnelles devant \u00eatre \u00e9tudi\u00e9es individuellement. C&#8217;est dans cette optique que le Service de transport Francobus a mis en place une proc\u00e9dure pour l&#8217;octroi d&#8217;un si\u00e8ge de courtoisie. Celui-ci peut \u00eatre accord\u00e9 pour le b\u00e9n\u00e9fice de l&#8217;\u00e9l\u00e8ve mais:<\/span><\/p>\n<ul>\n<li>ne doit en aucun cas engendrer des co\u00fbts suppl\u00e9mentaires<\/li>\n<li>accro\u00eetre la longueur des trajets<\/li>\n<li>p\u00e9naliser les \u00e9l\u00e8ves d\u00e9j\u00e0 transport\u00e9s \u00e0 bord du v\u00e9hicule<\/li>\n<li>cr\u00e9er des pr\u00e9c\u00e9dents<\/li>\n<\/ul>\n<p><span>Veuillez prendre note que les demandes de si\u00e8ge de courtoisie seront \u00e9tudi\u00e9e \u00e0 la fin du mois de septembre et n&#8217;entrent en vigueur seulement qu&#8217;\u00e0 partir d&#8217;octobre.<\/span><\/p>\n<p><span>Un si\u00e8ge de courtoisie peut \u00eatre accord\u00e9 si:<\/span><\/p>\n<ul>\n<li>il y a de la place \u00e0 bord de l&#8217;autobus<\/li>\n<li>il y a un arr\u00eat existant \u00e0 proximit\u00e9<\/li>\n<li>la demande est pour une ann\u00e9e scolaire<\/li>\n<li>il s&#8217;agit d&#8217;un privil\u00e8ge r\u00e9vocable en tout temps<\/li>\n<\/ul>\n<p><span>Pour plus de d\u00e9tails, consulter les proc\u00e9dures de transport.<\/span><\/p>\n<p><span style=\"font-size: 14px;\"><\/span><\/p>\n<p>[\/et_pb_text][\/et_pb_column][\/et_pb_row][\/et_pb_section]<\/p>\n","protected":false},"excerpt":{"rendered":"<p>[et_pb_section fb_built=&#8221;1&#8243; admin_label=&#8221;Hero section&#8221; _builder_version=&#8221;3.29.3&#8243; use_background_color_gradient=&#8221;on&#8221; background_color_gradient_start=&#8221;rgba(150,105,97,0.67)&#8221; background_color_gradient_end=&#8221;rgba(2,0,76,0.84)&#8221; background_color_gradient_overlays_image=&#8221;on&#8221; background_image=&#8221;https:\/\/francobus.ca\/wp-content\/uploads\/2020\/02\/shutterstock_388630324-scaled.jpg&#8221; background_position=&#8221;top_center&#8221; min_height=&#8221;460px&#8221; height=&#8221;460px&#8221; custom_margin=&#8221;|||&#8221; custom_padding=&#8221;2.3%||14%|||&#8221; hover_enabled=&#8221;0&#8243; fb_built=&#8221;1&#8243; _i=&#8221;0&#8243; _address=&#8221;0&#8243;][et_pb_row _builder_version=&#8221;3.25&#8243; custom_margin=&#8221;|||&#8221; _i=&#8221;0&#8243; _address=&#8221;0.0&#8243;][et_pb_column type=&#8221;4_4&#8243; _builder_version=&#8221;3.25&#8243; custom_padding=&#8221;1px|||&#8221; padding_top=&#8221;1px&#8221; _i=&#8221;0&#8243; _address=&#8221;0.0.0&#8243; custom_padding__hover=&#8221;|||&#8221;][et_pb_text _builder_version=&#8221;3.27.4&#8243; text_font=&#8221;Lato||||||||&#8221; text_font_size=&#8221;20px&#8221; text_line_height=&#8221;1.8em&#8221; header_font=&#8221;Lato|900|||||||&#8221; header_font_size=&#8221;80px&#8221; header_letter_spacing=&#8221;2px&#8221; header_line_height=&#8221;1.2em&#8221; background_layout=&#8221;dark&#8221; custom_margin=&#8221;||40px|&#8221; animation_style=&#8221;fold&#8221; header_font_size_tablet=&#8221;46px&#8221; header_font_size_last_edited=&#8221;on|tablet&#8221; _i=&#8221;0&#8243; _address=&#8221;0.0.0.0&#8243;] Pour un transport harmonieux! [\/et_pb_text][\/et_pb_column][\/et_pb_row][\/et_pb_section][et_pb_section fb_built=&#8221;1&#8243; _builder_version=&#8221;3.22&#8243; custom_padding=&#8221;54px|0px|100px|0px&#8221; fb_built=&#8221;1&#8243; _i=&#8221;1&#8243; [&hellip;]<\/p>\n","protected":false},"author":1,"featured_media":0,"parent":0,"menu_order":0,"comment_status":"closed","ping_status":"closed","template":"","meta":{"_et_pb_use_builder":"on","_et_pb_old_content":"","_et_gb_content_width":""},"_links":{"self":[{"href":"https:\/\/francobus.ca\/index.php\/wp-json\/wp\/v2\/pages\/55"}],"collection":[{"href":"https:\/\/francobus.ca\/index.php\/wp-json\/wp\/v2\/pages"}],"about":[{"href":"https:\/\/francobus.ca\/index.php\/wp-json\/wp\/v2\/types\/page"}],"author":[{"embeddable":true,"href":"https:\/\/francobus.ca\/index.php\/wp-json\/wp\/v2\/users\/1"}],"replies":[{"embeddable":true,"href":"https:\/\/francobus.ca\/index.php\/wp-json\/wp\/v2\/comments?post=55"}],"version-history":[{"count":11,"href":"https:\/\/francobus.ca\/index.php\/wp-json\/wp\/v2\/pages\/55\/revisions"}],"predecessor-version":[{"id":964,"href":"https:\/\/francobus.ca\/index.php\/wp-json\/wp\/v2\/pages\/55\/revisions\/964"}],"wp:attachment":[{"href":"https:\/\/francobus.ca\/index.php\/wp-json\/wp\/v2\/media?parent=55"}],"curies":[{"name":"wp","href":"https:\/\/api.w.org\/{rel}","templated":true}]}}