{"id":89,"date":"2019-07-16T01:29:38","date_gmt":"2019-07-16T01:29:38","guid":{"rendered":"https:\/\/francobus.ca\/?page_id=89"},"modified":"2020-02-18T23:31:45","modified_gmt":"2020-02-18T23:31:45","slug":"rcr","status":"publish","type":"page","link":"https:\/\/francobus.ca\/index.php\/rcr\/","title":{"rendered":"RCR"},"content":{"rendered":"<p>[et_pb_section fb_built=&#8221;1&#8243; admin_label=&#8221;Hero section&#8221; _builder_version=&#8221;3.29.3&#8243; use_background_color_gradient=&#8221;on&#8221; background_color_gradient_start=&#8221;rgba(150,105,97,0.67)&#8221; background_color_gradient_end=&#8221;rgba(2,0,76,0.84)&#8221; background_color_gradient_overlays_image=&#8221;on&#8221; background_image=&#8221;https:\/\/francobus.ca\/wp-content\/uploads\/2020\/02\/shutterstock_1416519701-scaled.jpg&#8221; custom_margin=&#8221;|||&#8221; custom_padding=&#8221;2.7%||5.2%|||&#8221; hover_enabled=&#8221;0&#8243; fb_built=&#8221;1&#8243; _i=&#8221;0&#8243; _address=&#8221;0&#8243;][et_pb_row _builder_version=&#8221;3.25&#8243; custom_margin=&#8221;|||&#8221; _i=&#8221;0&#8243; _address=&#8221;0.0&#8243;][et_pb_column type=&#8221;4_4&#8243; _builder_version=&#8221;3.25&#8243; custom_padding=&#8221;1px|||&#8221; padding_top=&#8221;1px&#8221; _i=&#8221;0&#8243; _address=&#8221;0.0.0&#8243; custom_padding__hover=&#8221;|||&#8221;][et_pb_text _builder_version=&#8221;3.27.4&#8243; text_font=&#8221;Lato||||||||&#8221; text_font_size=&#8221;20px&#8221; text_line_height=&#8221;1.8em&#8221; header_font=&#8221;Lato|900|||||||&#8221; header_font_size=&#8221;80px&#8221; header_letter_spacing=&#8221;2px&#8221; header_line_height=&#8221;1.2em&#8221; background_layout=&#8221;dark&#8221; custom_margin=&#8221;||40px|&#8221; animation_style=&#8221;fold&#8221; header_font_size_tablet=&#8221;46px&#8221; header_font_size_last_edited=&#8221;on|tablet&#8221; _i=&#8221;0&#8243; _address=&#8221;0.0.0.0&#8243;]<\/p>\n<h1>Premiers soins &#8211; r\u00e9animation cardiorespiratoire<\/h1>\n<p>[\/et_pb_text][\/et_pb_column][\/et_pb_row][\/et_pb_section][et_pb_section fb_built=&#8221;1&#8243; _builder_version=&#8221;3.22&#8243; custom_padding=&#8221;54px|0px|100px|0px&#8221; fb_built=&#8221;1&#8243; _i=&#8221;1&#8243; _address=&#8221;1&#8243;][et_pb_row use_custom_gutter=&#8221;on&#8221; gutter_width=&#8221;1&#8243; _builder_version=&#8221;3.29.3&#8243; background_color=&#8221;#ffffff&#8221; background_size=&#8221;initial&#8221; background_position=&#8221;top_left&#8221; background_repeat=&#8221;repeat&#8221; max_width=&#8221;1440px&#8221; custom_margin=&#8221;-10%|auto|-10%|auto|false|&#8221; custom_padding=&#8221;30px|0px|60px|0px||&#8221; animation_style=&#8221;slide&#8221; animation_direction=&#8221;bottom&#8221; animation_intensity_slide=&#8221;6%&#8221; animation_starting_opacity=&#8221;100%&#8221; custom_css_main_element=&#8221;border-color: #f7941e;&#8221; border_radii=&#8221;on|15px|15px|15px|15px&#8221; border_color_all=&#8221;#3c39e6&#8243; border_width_top=&#8221;18px&#8221; box_shadow_style=&#8221;preset3&#8243; box_shadow_vertical=&#8221;39px&#8221; box_shadow_blur=&#8221;80px&#8221; box_shadow_color=&#8221;rgba(0,0,0,0.1)&#8221; use_custom_width=&#8221;on&#8221; custom_width_px=&#8221;1440px&#8221; _i=&#8221;0&#8243; _address=&#8221;1.0&#8243;][et_pb_column type=&#8221;4_4&#8243; _builder_version=&#8221;3.25&#8243; custom_padding=&#8221;|40px||40px&#8221; padding_left=&#8221;40px&#8221; padding_right=&#8221;40px&#8221; _i=&#8221;0&#8243; _address=&#8221;1.0.0&#8243; custom_padding__hover=&#8221;|||&#8221;][et_pb_text _builder_version=&#8221;3.27.4&#8243; _i=&#8221;0&#8243; _address=&#8221;1.0.0.0&#8243;]<\/p>\n<h1>Premiers soins &#8211; r\u00e9animation cardiorespiratoire (RCR)<\/h1>\n<p>Advenant une situation d&#8217;urgence o\u00f9 un \u00e9l\u00e8ve peut \u00e9prouver une d\u00e9tresse pulmonaire, le Service de transport Francobus reconna\u00eet qu&#8217;il peut s&#8217;av\u00e9rer n\u00e9cessaire d&#8217;administrer la r\u00e9animation cardiorespiratoire (RCR).<\/p>\n<p>Les transporteurs coordonnent des s\u00e9ances de formation en RCR pour les conducteurs et les conductrices en d\u00e9but d&#8217;ann\u00e9e scolaire et lors de l&#8217;embauche de nouveaux conducteurs ou conductrices. Le transporteur a la responsabilit\u00e9 de fournir au Service de transport Francobus la preuve que les conducteurs et conductrices ont r\u00e9ussi leur formation.<\/p>\n<p>&nbsp;<\/p>\n<h3>Marche \u00e0 suivre<\/h3>\n<p>Si un \u00e9l\u00e8ve semble \u00e9prouver un malaise ou des difficult\u00e9s respiratoires, le conducteur ou la conductrice doit agir de la fa\u00e7on suivante :<\/p>\n<ul>\n<li>immobiliser le v\u00e9hicule ;<\/li>\n<li>s&#8217;assurer que tous les passagers sont en s\u00e9curit\u00e9 ;<\/li>\n<li>\u00e9valuer la situation et d\u00e9terminer s&#8217;il faut administrer les mesures d&#8217;urgence RCR ;<\/li>\n<li>administrer la mesure d&#8217;urgence RCR au besoin et communiquer imm\u00e9diatement avec le r\u00e9partiteur ou r\u00e9partitrice en indiquant le lieu de l&#8217;incident et demander que des services d&#8217;urgence soient d\u00e9plac\u00e9s sur les lieux ;<\/li>\n<li>surveiller l&#8217;\u00e9l\u00e8ve jusqu&#8217;\u00e0 l&#8217;arriv\u00e9e de l&#8217;\u00e9quipe d&#8217;intervention d&#8217;urgence.<\/li>\n<\/ul>\n<p>Dans de telles situations, le r\u00e9partiteur ou la r\u00e9partitrice du transporteur doit :<\/p>\n<ul>\n<li>confirmer avec le conducteur ou la conductrice le lieu et l&#8217;heure de l&#8217;incident ;<\/li>\n<li>informer le Service d&#8217;urgence 911 et le Service de transport Francobus ;<\/li>\n<li>demeurer en contact constant avec le personnel du Service 911 et le conducteur ou la conductrice ;<\/li>\n<li>aviser les parents des autres \u00e9l\u00e8ves du retard de l&#8217;autobus.<\/li>\n<\/ul>\n<p>Le ou la gestionnaire du Service de transport Francobus doit :<\/p>\n<ul>\n<li>informer le parent, tuteur ou tutrice et l&#8217;\u00e9cole de l&#8217;incident ;<\/li>\n<li>maintenir le contact avec l&#8217;\u00e9cole ;<\/li>\n<li>pr\u00e9parer une lettre aux parents, tuteurs ou tutrices les informant de la situation.<\/li>\n<\/ul>\n<p>Le transporteur doit, pour sa part remettre un rapport d&#8217;incident impliquant l&#8217;utilisation de la mesure d&#8217;urgence RCR au gestionnaire ou \u00e0 la gestionnaire du Service de transport Francobus dans les 24 heures suivant l&#8217;incident.<\/p>\n<p>[\/et_pb_text][\/et_pb_column][\/et_pb_row][\/et_pb_section]<\/p>\n","protected":false},"excerpt":{"rendered":"<p>[et_pb_section fb_built=&#8221;1&#8243; admin_label=&#8221;Hero section&#8221; _builder_version=&#8221;3.29.3&#8243; use_background_color_gradient=&#8221;on&#8221; background_color_gradient_start=&#8221;rgba(150,105,97,0.67)&#8221; background_color_gradient_end=&#8221;rgba(2,0,76,0.84)&#8221; background_color_gradient_overlays_image=&#8221;on&#8221; background_image=&#8221;https:\/\/francobus.ca\/wp-content\/uploads\/2020\/02\/shutterstock_1416519701-scaled.jpg&#8221; custom_margin=&#8221;|||&#8221; custom_padding=&#8221;2.7%||5.2%|||&#8221; hover_enabled=&#8221;0&#8243; fb_built=&#8221;1&#8243; _i=&#8221;0&#8243; _address=&#8221;0&#8243;][et_pb_row _builder_version=&#8221;3.25&#8243; custom_margin=&#8221;|||&#8221; _i=&#8221;0&#8243; _address=&#8221;0.0&#8243;][et_pb_column type=&#8221;4_4&#8243; _builder_version=&#8221;3.25&#8243; custom_padding=&#8221;1px|||&#8221; padding_top=&#8221;1px&#8221; _i=&#8221;0&#8243; _address=&#8221;0.0.0&#8243; custom_padding__hover=&#8221;|||&#8221;][et_pb_text _builder_version=&#8221;3.27.4&#8243; text_font=&#8221;Lato||||||||&#8221; text_font_size=&#8221;20px&#8221; text_line_height=&#8221;1.8em&#8221; header_font=&#8221;Lato|900|||||||&#8221; header_font_size=&#8221;80px&#8221; header_letter_spacing=&#8221;2px&#8221; header_line_height=&#8221;1.2em&#8221; background_layout=&#8221;dark&#8221; custom_margin=&#8221;||40px|&#8221; animation_style=&#8221;fold&#8221; header_font_size_tablet=&#8221;46px&#8221; header_font_size_last_edited=&#8221;on|tablet&#8221; _i=&#8221;0&#8243; _address=&#8221;0.0.0.0&#8243;] Premiers soins &#8211; r\u00e9animation cardiorespiratoire [\/et_pb_text][\/et_pb_column][\/et_pb_row][\/et_pb_section][et_pb_section fb_built=&#8221;1&#8243; _builder_version=&#8221;3.22&#8243; custom_padding=&#8221;54px|0px|100px|0px&#8221; fb_built=&#8221;1&#8243; _i=&#8221;1&#8243; _address=&#8221;1&#8243;][et_pb_row use_custom_gutter=&#8221;on&#8221; [&hellip;]<\/p>\n","protected":false},"author":1,"featured_media":0,"parent":0,"menu_order":0,"comment_status":"closed","ping_status":"closed","template":"","meta":{"_et_pb_use_builder":"on","_et_pb_old_content":"<!-- wp:divi\/placeholder \/-->","_et_gb_content_width":""},"_links":{"self":[{"href":"https:\/\/francobus.ca\/index.php\/wp-json\/wp\/v2\/pages\/89"}],"collection":[{"href":"https:\/\/francobus.ca\/index.php\/wp-json\/wp\/v2\/pages"}],"about":[{"href":"https:\/\/francobus.ca\/index.php\/wp-json\/wp\/v2\/types\/page"}],"author":[{"embeddable":true,"href":"https:\/\/francobus.ca\/index.php\/wp-json\/wp\/v2\/users\/1"}],"replies":[{"embeddable":true,"href":"https:\/\/francobus.ca\/index.php\/wp-json\/wp\/v2\/comments?post=89"}],"version-history":[{"count":10,"href":"https:\/\/francobus.ca\/index.php\/wp-json\/wp\/v2\/pages\/89\/revisions"}],"predecessor-version":[{"id":971,"href":"https:\/\/francobus.ca\/index.php\/wp-json\/wp\/v2\/pages\/89\/revisions\/971"}],"wp:attachment":[{"href":"https:\/\/francobus.ca\/index.php\/wp-json\/wp\/v2\/media?parent=89"}],"curies":[{"name":"wp","href":"https:\/\/api.w.org\/{rel}","templated":true}]}}