{"id":91,"date":"2019-07-16T01:31:48","date_gmt":"2019-07-16T01:31:48","guid":{"rendered":"https:\/\/francobus.ca\/?page_id=91"},"modified":"2020-02-18T23:32:14","modified_gmt":"2020-02-18T23:32:14","slug":"despositif-de-securite-dans-les-autobus","status":"publish","type":"page","link":"https:\/\/francobus.ca\/index.php\/despositif-de-securite-dans-les-autobus\/","title":{"rendered":"Dispositif de s\u00e9curit\u00e9 dans les autobus"},"content":{"rendered":"<p>[et_pb_section fb_built=&#8221;1&#8243; admin_label=&#8221;Hero section&#8221; _builder_version=&#8221;3.29.3&#8243; use_background_color_gradient=&#8221;on&#8221; background_color_gradient_start=&#8221;rgba(150,105,97,0.67)&#8221; background_color_gradient_end=&#8221;rgba(2,0,76,0.84)&#8221; background_color_gradient_overlays_image=&#8221;on&#8221; background_image=&#8221;https:\/\/francobus.ca\/wp-content\/uploads\/2020\/02\/shutterstock_549319825-scaled.jpg&#8221; background_position=&#8221;top_center&#8221; custom_margin=&#8221;|||&#8221; custom_padding=&#8221;2.4%||4.9%|||&#8221; hover_enabled=&#8221;0&#8243; fb_built=&#8221;1&#8243; _i=&#8221;0&#8243; _address=&#8221;0&#8243;][et_pb_row _builder_version=&#8221;3.25&#8243; custom_margin=&#8221;|||&#8221; _i=&#8221;0&#8243; _address=&#8221;0.0&#8243;][et_pb_column type=&#8221;4_4&#8243; _builder_version=&#8221;3.25&#8243; custom_padding=&#8221;1px|||&#8221; padding_top=&#8221;1px&#8221; _i=&#8221;0&#8243; _address=&#8221;0.0.0&#8243; custom_padding__hover=&#8221;|||&#8221;][et_pb_text _builder_version=&#8221;3.27.4&#8243; text_font=&#8221;Lato||||||||&#8221; text_font_size=&#8221;20px&#8221; text_line_height=&#8221;1.8em&#8221; header_font=&#8221;Lato|900|||||||&#8221; header_font_size=&#8221;80px&#8221; header_letter_spacing=&#8221;2px&#8221; header_line_height=&#8221;1.2em&#8221; background_layout=&#8221;dark&#8221; custom_margin=&#8221;||40px|&#8221; animation_style=&#8221;fold&#8221; header_font_size_tablet=&#8221;46px&#8221; header_font_size_last_edited=&#8221;on|tablet&#8221; _i=&#8221;0&#8243; _address=&#8221;0.0.0.0&#8243;]<\/p>\n<h1><strong>Dispositifs de s\u00e9curit\u00e9 dans les autobus scolaires<\/strong><\/h1>\n<p>[\/et_pb_text][\/et_pb_column][\/et_pb_row][\/et_pb_section][et_pb_section fb_built=&#8221;1&#8243; _builder_version=&#8221;3.22&#8243; custom_padding=&#8221;54px|0px|100px|0px&#8221; fb_built=&#8221;1&#8243; _i=&#8221;1&#8243; _address=&#8221;1&#8243;][et_pb_row use_custom_gutter=&#8221;on&#8221; gutter_width=&#8221;1&#8243; _builder_version=&#8221;3.29.3&#8243; background_color=&#8221;#ffffff&#8221; background_size=&#8221;initial&#8221; background_position=&#8221;top_left&#8221; background_repeat=&#8221;repeat&#8221; max_width=&#8221;1440px&#8221; custom_margin=&#8221;-10%|||&#8221; custom_padding=&#8221;27px|0px|60px|0px||&#8221; animation_style=&#8221;slide&#8221; animation_direction=&#8221;bottom&#8221; animation_intensity_slide=&#8221;6%&#8221; animation_starting_opacity=&#8221;100%&#8221; custom_css_main_element=&#8221;border-color: #f7941e;&#8221; border_radii=&#8221;on|15px|15px|15px|15px&#8221; border_color_all=&#8221;#3c39e6&#8243; border_width_top=&#8221;18px&#8221; box_shadow_style=&#8221;preset3&#8243; box_shadow_vertical=&#8221;39px&#8221; box_shadow_blur=&#8221;80px&#8221; box_shadow_color=&#8221;rgba(0,0,0,0.1)&#8221; use_custom_width=&#8221;on&#8221; custom_width_px=&#8221;1440px&#8221; _i=&#8221;0&#8243; _address=&#8221;1.0&#8243;][et_pb_column type=&#8221;4_4&#8243; _builder_version=&#8221;3.25&#8243; custom_padding=&#8221;|40px||40px&#8221; padding_left=&#8221;40px&#8221; padding_right=&#8221;40px&#8221; _i=&#8221;0&#8243; _address=&#8221;1.0.0&#8243; custom_padding__hover=&#8221;|||&#8221;][et_pb_text _builder_version=&#8221;3.27.4&#8243; _i=&#8221;0&#8243; _address=&#8221;1.0.0.0&#8243;]<\/p>\n<ul style=\"font-weight: 400;\">\n<li>Les autobus sont peints en jaune partout au pays pour qu\u2019ils puissent \u00eatre reconnus comme des autobus scolaires. Les automobilistes doivent \u00eatre pr\u00eats \u00e0 arr\u00eater quand les lumi\u00e8res rouges clignotent indiquant que l\u2019autobus se pr\u00e9pare \u00e0 faire monter ou descendre des \u00e9l\u00e8ves.<\/li>\n<li>Les lignes noires plac\u00e9es aux cot\u00e9s de l\u2019autobus sont appel\u00e9es des barres de protection lat\u00e9rale et sont con\u00e7ues pour att\u00e9nuer l\u2019impact d\u2019une collision lat\u00e9rale et emp\u00eacher les cot\u00e9s de s\u2019enfoncer. La barre sup\u00e9rieure prot\u00e8ge la t\u00eate et les \u00e9paules, la barre interm\u00e9diaire prot\u00e8ge la partie du milieu et la barre inf\u00e9rieure prot\u00e8ge les jambes et les pieds.<\/li>\n<li>Les r\u00e9servoirs de carburant sont ench\u00e2ss\u00e9s dans une caisse en acier qui les prot\u00e8ge en cas de collision.<\/li>\n<li>Les feux clignotants situ\u00e9s en avant et en arri\u00e8re de l\u2019autobus avertissent les automobilistes que l\u2019autobus arr\u00eatera pour faire monter ou descendre des \u00e9l\u00e8ves. Le bras d\u2019arr\u00eat indique aux automobilistes qu\u2019ils doivent s\u2019arr\u00eater.<\/li>\n<li>Dans l\u2019autobus, les si\u00e8ges sont rapproch\u00e9s les uns des autres et \u00e9galement sur\u00e9lev\u00e9<span style=\"text-decoration: line-through;\">e<\/span>s et capitonn\u00e9s de sorte que les enfants ne tombent pas et ne se blessent pas si l\u2019autobus s\u2019arr\u00eate brusquement.\u00a0\u00a0<\/li>\n<li>Les \u00e9l\u00e8ves doivent demeurer assis pour profiter du concept s\u00e9curitaire des si\u00e8ges.<\/li>\n<li>Deux barres longues en acier, qui s\u2019\u00e9tendent tout le long de l\u2019autobus et qui font partie de l\u2019armature, prot\u00e8gent l\u2019autobus en cas de collision avant ou arri\u00e8re.<\/li>\n<li>Les rivets sur le plafond de l&#8217;autobus marquent l&#8217;emplacement des structures de soutien. Ils partent du plancher, longent le toit et redescendent de l\u2019autre c\u00f4t\u00e9. Ils sont assez solides pour supporter une fois et demie le poids de l\u2019autobus.<\/li>\n<li>Le verre des fen\u00eatres est du verre s\u00e9curitaire, con\u00e7u pour se fracasser en petites pi\u00e8ces rondes (ressemblant \u00e0 un nid d\u2019abeilles), sans bords pointus en cas de bris.<\/li>\n<li>Les fen\u00eatres avant et arri\u00e8re sont con\u00e7ues pour permettre d\u2019en sauter en cas d\u2019urgence. Elles peuvent \u00eatre pouss\u00e9es par des adultes, permettant au personnel de secours d\u2019entrer ou sortir avec une civi\u00e8re si n\u00e9cessaire.<\/li>\n<li>Tous les autobus sont \u00e9quip\u00e9s d\u2019un extincteur, d\u2019une trousse de premiers soins, d\u2019une hache, de r\u00e9flecteurs et d\u2019une radio bidirectionnelle.<\/li>\n<li>Tous les conducteurs doivent v\u00e9rifier l\u2019\u00e9tat de l\u2019autobus avant le premier parcours du jour.<\/li>\n<\/ul>\n<p>[\/et_pb_text][\/et_pb_column][\/et_pb_row][\/et_pb_section]<\/p>\n","protected":false},"excerpt":{"rendered":"<p>[et_pb_section fb_built=&#8221;1&#8243; admin_label=&#8221;Hero section&#8221; _builder_version=&#8221;3.29.3&#8243; use_background_color_gradient=&#8221;on&#8221; background_color_gradient_start=&#8221;rgba(150,105,97,0.67)&#8221; background_color_gradient_end=&#8221;rgba(2,0,76,0.84)&#8221; background_color_gradient_overlays_image=&#8221;on&#8221; background_image=&#8221;https:\/\/francobus.ca\/wp-content\/uploads\/2020\/02\/shutterstock_549319825-scaled.jpg&#8221; background_position=&#8221;top_center&#8221; custom_margin=&#8221;|||&#8221; custom_padding=&#8221;2.4%||4.9%|||&#8221; hover_enabled=&#8221;0&#8243; fb_built=&#8221;1&#8243; _i=&#8221;0&#8243; _address=&#8221;0&#8243;][et_pb_row _builder_version=&#8221;3.25&#8243; custom_margin=&#8221;|||&#8221; _i=&#8221;0&#8243; _address=&#8221;0.0&#8243;][et_pb_column type=&#8221;4_4&#8243; _builder_version=&#8221;3.25&#8243; custom_padding=&#8221;1px|||&#8221; padding_top=&#8221;1px&#8221; _i=&#8221;0&#8243; _address=&#8221;0.0.0&#8243; custom_padding__hover=&#8221;|||&#8221;][et_pb_text _builder_version=&#8221;3.27.4&#8243; text_font=&#8221;Lato||||||||&#8221; text_font_size=&#8221;20px&#8221; text_line_height=&#8221;1.8em&#8221; header_font=&#8221;Lato|900|||||||&#8221; header_font_size=&#8221;80px&#8221; header_letter_spacing=&#8221;2px&#8221; header_line_height=&#8221;1.2em&#8221; background_layout=&#8221;dark&#8221; custom_margin=&#8221;||40px|&#8221; animation_style=&#8221;fold&#8221; header_font_size_tablet=&#8221;46px&#8221; header_font_size_last_edited=&#8221;on|tablet&#8221; _i=&#8221;0&#8243; _address=&#8221;0.0.0.0&#8243;] Dispositifs de s\u00e9curit\u00e9 dans les autobus scolaires [\/et_pb_text][\/et_pb_column][\/et_pb_row][\/et_pb_section][et_pb_section fb_built=&#8221;1&#8243; _builder_version=&#8221;3.22&#8243; custom_padding=&#8221;54px|0px|100px|0px&#8221; fb_built=&#8221;1&#8243; [&hellip;]<\/p>\n","protected":false},"author":1,"featured_media":0,"parent":0,"menu_order":0,"comment_status":"closed","ping_status":"closed","template":"","meta":{"_et_pb_use_builder":"on","_et_pb_old_content":"<!-- wp:divi\/placeholder \/-->","_et_gb_content_width":""},"_links":{"self":[{"href":"https:\/\/francobus.ca\/index.php\/wp-json\/wp\/v2\/pages\/91"}],"collection":[{"href":"https:\/\/francobus.ca\/index.php\/wp-json\/wp\/v2\/pages"}],"about":[{"href":"https:\/\/francobus.ca\/index.php\/wp-json\/wp\/v2\/types\/page"}],"author":[{"embeddable":true,"href":"https:\/\/francobus.ca\/index.php\/wp-json\/wp\/v2\/users\/1"}],"replies":[{"embeddable":true,"href":"https:\/\/francobus.ca\/index.php\/wp-json\/wp\/v2\/comments?post=91"}],"version-history":[{"count":7,"href":"https:\/\/francobus.ca\/index.php\/wp-json\/wp\/v2\/pages\/91\/revisions"}],"predecessor-version":[{"id":972,"href":"https:\/\/francobus.ca\/index.php\/wp-json\/wp\/v2\/pages\/91\/revisions\/972"}],"wp:attachment":[{"href":"https:\/\/francobus.ca\/index.php\/wp-json\/wp\/v2\/media?parent=91"}],"curies":[{"name":"wp","href":"https:\/\/api.w.org\/{rel}","templated":true}]}}