{"id":97,"date":"2019-07-16T01:35:25","date_gmt":"2019-07-16T01:35:25","guid":{"rendered":"https:\/\/francobus.ca\/?page_id=97"},"modified":"2020-02-18T23:34:11","modified_gmt":"2020-02-18T23:34:11","slug":"pamphlets","status":"publish","type":"page","link":"https:\/\/francobus.ca\/index.php\/pamphlets\/","title":{"rendered":"Pamphlets"},"content":{"rendered":"<p>[et_pb_section fb_built=&#8221;1&#8243; admin_label=&#8221;Hero section&#8221; _builder_version=&#8221;3.29.3&#8243; use_background_color_gradient=&#8221;on&#8221; background_color_gradient_start=&#8221;rgba(150,105,97,0.67)&#8221; background_color_gradient_end=&#8221;rgba(2,0,76,0.84)&#8221; background_color_gradient_overlays_image=&#8221;on&#8221; background_image=&#8221;https:\/\/francobus.ca\/wp-content\/uploads\/2020\/02\/shutterstock_314871770-scaled.jpg&#8221; background_position=&#8221;top_center&#8221; custom_margin=&#8221;|||&#8221; custom_padding=&#8221;2.4%||4.9%|||&#8221; hover_enabled=&#8221;0&#8243; fb_built=&#8221;1&#8243; _i=&#8221;0&#8243; _address=&#8221;0&#8243;][et_pb_row _builder_version=&#8221;3.25&#8243; custom_margin=&#8221;|||&#8221; _i=&#8221;0&#8243; _address=&#8221;0.0&#8243;][et_pb_column type=&#8221;4_4&#8243; _builder_version=&#8221;3.25&#8243; custom_padding=&#8221;1px|||&#8221; padding_top=&#8221;1px&#8221; _i=&#8221;0&#8243; _address=&#8221;0.0.0&#8243; custom_padding__hover=&#8221;|||&#8221;][et_pb_text _builder_version=&#8221;3.27.4&#8243; text_font=&#8221;Lato||||||||&#8221; text_font_size=&#8221;20px&#8221; text_line_height=&#8221;1.8em&#8221; header_font=&#8221;Lato|900|||||||&#8221; header_font_size=&#8221;80px&#8221; header_letter_spacing=&#8221;2px&#8221; header_line_height=&#8221;1.2em&#8221; background_layout=&#8221;dark&#8221; custom_margin=&#8221;||40px|&#8221; animation_style=&#8221;fold&#8221; header_font_size_tablet=&#8221;46px&#8221; header_font_size_last_edited=&#8221;on|tablet&#8221; _i=&#8221;0&#8243; _address=&#8221;0.0.0.0&#8243;]<\/p>\n<h1>Renseignements suppl\u00e9mentaires<\/h1>\n<p>[\/et_pb_text][\/et_pb_column][\/et_pb_row][\/et_pb_section][et_pb_section fb_built=&#8221;1&#8243; _builder_version=&#8221;3.22&#8243; custom_padding=&#8221;54px|0px|100px|0px&#8221; fb_built=&#8221;1&#8243; _i=&#8221;1&#8243; _address=&#8221;1&#8243;][et_pb_row use_custom_gutter=&#8221;on&#8221; gutter_width=&#8221;1&#8243; _builder_version=&#8221;3.29.3&#8243; background_color=&#8221;#ffffff&#8221; background_size=&#8221;initial&#8221; background_position=&#8221;top_left&#8221; background_repeat=&#8221;repeat&#8221; max_width=&#8221;1440px&#8221; custom_margin=&#8221;-10%|||&#8221; custom_padding=&#8221;27px|0px|60px|0px||&#8221; animation_style=&#8221;slide&#8221; animation_direction=&#8221;bottom&#8221; animation_intensity_slide=&#8221;6%&#8221; animation_starting_opacity=&#8221;100%&#8221; custom_css_main_element=&#8221;border-color: #f7941e;&#8221; border_radii=&#8221;on|15px|15px|15px|15px&#8221; border_color_all=&#8221;#3c39e6&#8243; border_width_top=&#8221;18px&#8221; box_shadow_style=&#8221;preset3&#8243; box_shadow_vertical=&#8221;39px&#8221; box_shadow_blur=&#8221;80px&#8221; box_shadow_color=&#8221;rgba(0,0,0,0.1)&#8221; use_custom_width=&#8221;on&#8221; custom_width_px=&#8221;1440px&#8221; _i=&#8221;0&#8243; _address=&#8221;1.0&#8243;][et_pb_column type=&#8221;4_4&#8243; _builder_version=&#8221;3.25&#8243; custom_padding=&#8221;|40px||40px&#8221; padding_left=&#8221;40px&#8221; padding_right=&#8221;40px&#8221; _i=&#8221;0&#8243; _address=&#8221;1.0.0&#8243; custom_padding__hover=&#8221;|||&#8221;][et_pb_text _builder_version=&#8221;3.29.3&#8243; _i=&#8221;0&#8243; _address=&#8221;1.0.0.0&#8243;]<span>Voici les diff\u00e9rents communiqu\u00e9s distribu\u00e9s par le Service de transport Francobus. En cliquant sur le titre de chacun d&#8217;entre eux, il est possible d&#8217;acc\u00e9der au texte en format PDF.<\/span><\/p>\n<ul>\n<li><a target=\"_blank\" href=\"\/wp-content\/uploads\/2019\/12\/Proc\u00e9dures-d\u00e9vacuation-2019.pdf\" rel=\"noopener noreferrer\">Proc\u00e9dures d&#8217;\u00e9vacuation<\/a><\/li>\n<li><a target=\"_blank\" href=\"\/wp-content\/uploads\/2019\/08\/Froid-extreme-et-intemperies.pdf\" rel=\"noopener noreferrer\">Froid extr\u00eame et intemp\u00e9ries<\/a><\/li>\n<li><a target=\"_blank\" href=\"\/wp-content\/uploads\/2019\/08\/Securite-en-autobus-scolaire.pdf\" rel=\"noopener noreferrer\">S\u00e9curit\u00e9 en autobus scolaire<\/a><\/li>\n<\/ul>\n<p>[\/et_pb_text][\/et_pb_column][\/et_pb_row][\/et_pb_section]<\/p>\n","protected":false},"excerpt":{"rendered":"<p>[et_pb_section fb_built=&#8221;1&#8243; admin_label=&#8221;Hero section&#8221; _builder_version=&#8221;3.29.3&#8243; use_background_color_gradient=&#8221;on&#8221; background_color_gradient_start=&#8221;rgba(150,105,97,0.67)&#8221; background_color_gradient_end=&#8221;rgba(2,0,76,0.84)&#8221; background_color_gradient_overlays_image=&#8221;on&#8221; background_image=&#8221;https:\/\/francobus.ca\/wp-content\/uploads\/2020\/02\/shutterstock_314871770-scaled.jpg&#8221; background_position=&#8221;top_center&#8221; custom_margin=&#8221;|||&#8221; custom_padding=&#8221;2.4%||4.9%|||&#8221; hover_enabled=&#8221;0&#8243; fb_built=&#8221;1&#8243; _i=&#8221;0&#8243; _address=&#8221;0&#8243;][et_pb_row _builder_version=&#8221;3.25&#8243; custom_margin=&#8221;|||&#8221; _i=&#8221;0&#8243; _address=&#8221;0.0&#8243;][et_pb_column type=&#8221;4_4&#8243; _builder_version=&#8221;3.25&#8243; custom_padding=&#8221;1px|||&#8221; padding_top=&#8221;1px&#8221; _i=&#8221;0&#8243; _address=&#8221;0.0.0&#8243; custom_padding__hover=&#8221;|||&#8221;][et_pb_text _builder_version=&#8221;3.27.4&#8243; text_font=&#8221;Lato||||||||&#8221; text_font_size=&#8221;20px&#8221; text_line_height=&#8221;1.8em&#8221; header_font=&#8221;Lato|900|||||||&#8221; header_font_size=&#8221;80px&#8221; header_letter_spacing=&#8221;2px&#8221; header_line_height=&#8221;1.2em&#8221; background_layout=&#8221;dark&#8221; custom_margin=&#8221;||40px|&#8221; animation_style=&#8221;fold&#8221; header_font_size_tablet=&#8221;46px&#8221; header_font_size_last_edited=&#8221;on|tablet&#8221; _i=&#8221;0&#8243; _address=&#8221;0.0.0.0&#8243;] Renseignements suppl\u00e9mentaires [\/et_pb_text][\/et_pb_column][\/et_pb_row][\/et_pb_section][et_pb_section fb_built=&#8221;1&#8243; _builder_version=&#8221;3.22&#8243; custom_padding=&#8221;54px|0px|100px|0px&#8221; fb_built=&#8221;1&#8243; _i=&#8221;1&#8243; _address=&#8221;1&#8243;][et_pb_row use_custom_gutter=&#8221;on&#8221; gutter_width=&#8221;1&#8243; _builder_version=&#8221;3.29.3&#8243; [&hellip;]<\/p>\n","protected":false},"author":1,"featured_media":0,"parent":0,"menu_order":0,"comment_status":"closed","ping_status":"closed","template":"","meta":{"_et_pb_use_builder":"on","_et_pb_old_content":"<!-- wp:divi\/placeholder \/-->","_et_gb_content_width":""},"_links":{"self":[{"href":"https:\/\/francobus.ca\/index.php\/wp-json\/wp\/v2\/pages\/97"}],"collection":[{"href":"https:\/\/francobus.ca\/index.php\/wp-json\/wp\/v2\/pages"}],"about":[{"href":"https:\/\/francobus.ca\/index.php\/wp-json\/wp\/v2\/types\/page"}],"author":[{"embeddable":true,"href":"https:\/\/francobus.ca\/index.php\/wp-json\/wp\/v2\/users\/1"}],"replies":[{"embeddable":true,"href":"https:\/\/francobus.ca\/index.php\/wp-json\/wp\/v2\/comments?post=97"}],"version-history":[{"count":9,"href":"https:\/\/francobus.ca\/index.php\/wp-json\/wp\/v2\/pages\/97\/revisions"}],"predecessor-version":[{"id":975,"href":"https:\/\/francobus.ca\/index.php\/wp-json\/wp\/v2\/pages\/97\/revisions\/975"}],"wp:attachment":[{"href":"https:\/\/francobus.ca\/index.php\/wp-json\/wp\/v2\/media?parent=97"}],"curies":[{"name":"wp","href":"https:\/\/api.w.org\/{rel}","templated":true}]}}